{"id":1937,"date":"2022-07-22T08:31:03","date_gmt":"2022-07-22T06:31:03","guid":{"rendered":"https:\/\/vns.generationshop.dev\/politique-de-confidentialite\/"},"modified":"2023-12-18T13:00:24","modified_gmt":"2023-12-18T12:00:24","slug":"politique-de-confidentialite","status":"publish","type":"page","link":"https:\/\/vinistoires.com\/fr\/politique-de-confidentialite\/","title":{"rendered":"Politique de confidentialit\u00e9"},"content":{"rendered":"\n<p><\/p>\n<h1>Politique de confidentialit\u00e9<\/h1>\n<h4>Vinistoires https:\/\/vinistoires.com\/<\/h4>\n<h2>\u00c0 propos de notre politique de confidentialit\u00e9<\/h2>\n<p>Vinistoires se soucie beaucoup de votre vie priv\u00e9e. Nous ne traitons donc que les donn\u00e9es dont nous avons besoin pour (am\u00e9liorer) notre service et nous traitons avec soin les informations que nous avons collect\u00e9es sur vous et votre utilisation de nos services. Nous ne mettons jamais vos donn\u00e9es \u00e0 la disposition de tiers \u00e0 des fins commerciales.<\/p>\n<p>Cette politique de confidentialit\u00e9 s&rsquo;applique \u00e0 l&rsquo;utilisation du site web et des services accessibles sur le site web de Vinistoires. La date d&rsquo;entr\u00e9e en vigueur de la validit\u00e9 de ces conditions est le 09\/08\/2022, la publication d&rsquo;une nouvelle version entra\u00eene la caducit\u00e9 de la validit\u00e9 de toutes les versions pr\u00e9c\u00e9dentes. Cette politique de confidentialit\u00e9 d\u00e9crit les donn\u00e9es que nous collectons \u00e0 votre sujet, la mani\u00e8re dont nous les utilisons, et avec qui et dans quelles conditions nous pouvons \u00e9ventuellement les partager avec des tiers. Nous vous expliquons \u00e9galement comment nous stockons vos donn\u00e9es, comment nous prot\u00e9geons vos donn\u00e9es contre l&rsquo;abus et quels droits vous avez concernant les donn\u00e9es personnelles que vous nous avez fournies.<\/p>\n<p>Si vous avez des questions concernant notre politique de confidentialit\u00e9, veuillez contacter notre personne de contact en mati\u00e8re de confidentialit\u00e9, dont les coordonn\u00e9es se trouvent \u00e0 la fin de notre politique de confidentialit\u00e9.<\/p>\n<h2>\u00c0 propos du traitement des donn\u00e9es<\/h2>\n<p>Vous trouverez ci-dessous comment nous traitons vos donn\u00e9es, o\u00f9 nous les stockons, quelles techniques de s\u00e9curit\u00e9 nous utilisons et pour qui les donn\u00e9es sont visibles.<\/p>\n<h3>Logiciel de site Web<\/h3>\n<h4>WordPress<\/h4>\n<p>Notre boutique en ligne a \u00e9t\u00e9 d\u00e9velopp\u00e9e avec le logiciel WordPress. Les donn\u00e9es personnelles que vous mettez \u00e0 notre disposition pour le b\u00e9n\u00e9fice de nos services seront partag\u00e9es avec cette partie. WordPress a acc\u00e8s \u00e0 vos donn\u00e9es pour nous fournir une assistance (technique), ils n&rsquo;utiliseront jamais vos donn\u00e9es \u00e0 d&rsquo;autres fins. WordPress est tenu de prendre les mesures de s\u00e9curit\u00e9 appropri\u00e9es sur la base de l&rsquo;accord que nous avons conclu avec eux. Ces mesures de s\u00e9curit\u00e9 consistent en l&rsquo;application du cryptage SSL et d&rsquo;une politique de mot de passe forte. WordPress utilise des cookies pour collecter des informations techniques concernant votre utilisation du logiciel, aucune donn\u00e9e personnelle n&rsquo;est collect\u00e9e et\/ou stock\u00e9e. WordPress se r\u00e9serve le droit de partager les donn\u00e9es collect\u00e9es au sein de son propre groupe pour am\u00e9liorer encore ses services.<\/p>\n<h3>E-mails et listes de diffusion<\/h3>\n<h4>CleverReach<\/h4>\n<p>Notre site Web utilise CleverReach, un tiers qui g\u00e8re le trafic de courrier \u00e9lectronique de notre site Web et l&rsquo;envoi de toutes les newsletters. Tous les e-mails de confirmation que vous recevez de notre site Web et de nos formulaires Web sont envoy\u00e9s via les serveurs CleverReach. CleverReach n&rsquo;utilisera jamais votre nom et votre adresse e-mail \u00e0 ses propres fins. Au bas de chaque e-mail envoy\u00e9 automatiquement via notre site Web, vous verrez le lien \u00ab d\u00e9sabonnement \u00bb. Si vous cliquez ici, vous ne recevrez plus d&rsquo;e-mails de notre site Web. Cela peut s\u00e9rieusement r\u00e9duire la fonctionnalit\u00e9 de notre site Web ! Vos donn\u00e9es personnelles sont stock\u00e9es en toute s\u00e9curit\u00e9 par CleverReach. CleverReach utilise des cookies et d&rsquo;autres technologies Internet qui permettent de savoir si les e-mails sont ouverts et lus. CleverReach se r\u00e9serve le droit d&rsquo;utiliser vos donn\u00e9es pour am\u00e9liorer encore ses services et de partager des informations avec des tiers dans ce cadre.<\/p>\n<h2>Objectif du traitement des donn\u00e9es<\/h2>\n<h3>Objectif g\u00e9n\u00e9ral du traitement<\/h3>\n<p>Nous utilisons vos donn\u00e9es exclusivement pour les besoins de nos services. Cela signifie que l&rsquo;objectif du traitement est toujours directement li\u00e9 \u00e0 la mission que vous nous confiez. Nous n&rsquo;utilisons pas vos donn\u00e9es \u00e0 des fins de marketing (cibl\u00e9). Si vous partagez des donn\u00e9es avec nous et que nous utilisons ces donn\u00e9es pour vous contacter ult\u00e9rieurement \u2013 autrement qu&rsquo;\u00e0 votre demande \u2013 nous vous demanderons votre autorisation explicite pour le faire. Vos donn\u00e9es ne seront pas partag\u00e9es avec des tiers, sauf pour respecter les obligations comptables et autres obligations administratives. Ces tiers sont tous tenus \u00e0 la confidentialit\u00e9 sur la base d&rsquo;un accord entre eux et nous ou d&rsquo;un serment ou d&rsquo;une obligation l\u00e9gale.<\/p>\n<h3>Donn\u00e9es collect\u00e9es automatiquement<\/h3>\n<p>Les donn\u00e9es collect\u00e9es automatiquement par notre site Internet sont trait\u00e9es dans le but d&rsquo;am\u00e9liorer encore nos services. Ces donn\u00e9es (par exemple votre adresse IP, votre navigateur Web et votre syst\u00e8me d&rsquo;exploitation) ne sont pas des donn\u00e9es personnelles.<\/p>\n<h3>Coop\u00e9ration en mati\u00e8re d&rsquo;enqu\u00eates fiscales et p\u00e9nales<\/h3>\n<p>Dans des cas appropri\u00e9s, Vinistoires peut \u00eatre tenu par la loi de partager vos donn\u00e9es dans le cadre d&rsquo;enqu\u00eates fiscales ou p\u00e9nales gouvernementales. In een dergelijk geval zijn wij gedwongen uw gegevens te delen, maar wij zullen ons binnen de mogelijkheden die de wet ons biedt daartegen verzetten.<\/p>\n<h3>P\u00e9riodes de conservation<\/h3>\n<p>Nous conservons vos donn\u00e9es aussi longtemps que vous \u00eates notre client. Cela signifie que nous conservons votre profil client jusqu&rsquo;\u00e0 ce que vous indiquiez que vous ne souhaitez plus utiliser nos services. Si vous nous en informez, nous consid\u00e9rerons \u00e9galement cela comme une demande d&rsquo;oubli. Sur la base des obligations administratives applicables, nous devons conserver les factures avec vos donn\u00e9es (personnelles), nous conserverons donc ces donn\u00e9es aussi longtemps que la p\u00e9riode applicable court. Cependant, les collaborateurs n\u2019ont plus acc\u00e8s \u00e0 votre profil client et aux documents que nous avons produits en r\u00e9ponse \u00e0 votre mission.<\/p>\n<h2>Tes droits<\/h2>\n<p>En vertu de la l\u00e9gislation n\u00e9erlandaise et europ\u00e9enne applicable, vous, en tant que personne concern\u00e9e, disposez de certains droits concernant les donn\u00e9es personnelles trait\u00e9es par ou en notre nom. Nous expliquons ci-dessous quels sont ces droits et comment vous pouvez les invoquer. En principe, afin d&rsquo;\u00e9viter toute utilisation abusive, nous envoyons uniquement des copies et des copies de vos donn\u00e9es \u00e0 votre adresse e-mail que nous connaissons d\u00e9j\u00e0. Dans le cas o\u00f9 vous souhaiteriez recevoir les donn\u00e9es \u00e0 une autre adresse e-mail ou, par exemple, par courrier, nous vous demanderons de vous identifier. Nous gardons une gestion des demandes compl\u00e9t\u00e9es, en cas de demande d&rsquo;oubli nous administrons des donn\u00e9es anonymis\u00e9es. Vous recevrez toutes les copies et copies de donn\u00e9es dans le format de donn\u00e9es lisible par machine que nous utilisons dans nos syst\u00e8mes. Vous avez le droit de d\u00e9poser une plainte aupr\u00e8s de l&rsquo;autorit\u00e9 n\u00e9erlandaise de protection des donn\u00e9es \u00e0 tout moment si vous soup\u00e7onnez que nous utilisons vos donn\u00e9es personnelles de mani\u00e8re incorrecte.<\/p>\n<h3>Droit de regard<\/h3>\n<p>Vous avez toujours le droit de consulter les donn\u00e9es que nous traitons ou faisons traiter et qui se rapportent \u00e0 votre personne ou qui peuvent \u00eatre retrac\u00e9es jusqu&rsquo;\u00e0 vous. Vous pouvez en faire la demande aupr\u00e8s de notre personne de contact pour les questions de confidentialit\u00e9. Vous recevrez alors une r\u00e9ponse \u00e0 votre demande dans un d\u00e9lai de 30 jours. Si votre demande est accept\u00e9e, nous vous enverrons une copie de toutes les donn\u00e9es \u00e0 l&rsquo;adresse e-mail que nous connaissons, avec un aper\u00e7u des sous-traitants qui disposent de ces donn\u00e9es, en indiquant la cat\u00e9gorie sous laquelle nous avons stock\u00e9 ces donn\u00e9es.<\/p>\n<h3>Droit de rectification<\/h3>\n<p>Vous avez toujours le droit de faire modifier les donn\u00e9es que nous traitons ou faisons traiter et qui vous concernent ou qui permettent de vous identifier. Vous pouvez en faire la demande aupr\u00e8s de notre personne de contact pour les questions de confidentialit\u00e9. Vous recevrez alors une r\u00e9ponse \u00e0 votre demande dans un d\u00e9lai de 30 jours. Si votre demande est accept\u00e9e, nous vous enverrons une confirmation que les donn\u00e9es ont \u00e9t\u00e9 ajust\u00e9es \u00e0 l&rsquo;adresse e-mail que nous connaissons.<\/p>\n<h3>Droit \u00e0 la limitation du traitement<\/h3>\n<p>Vous avez toujours le droit de limiter les donn\u00e9es que nous traitons qui se rapportent \u00e0 votre personne ou qui peuvent vous \u00eatre attribu\u00e9es. Vous pouvez en faire la demande aupr\u00e8s de notre personne de contact pour les questions de confidentialit\u00e9. Vous recevrez alors une r\u00e9ponse \u00e0 votre demande dans un d\u00e9lai de 30 jours. Si votre demande est accept\u00e9e, nous vous enverrons une confirmation \u00e0 l&rsquo;adresse e-mail que nous connaissons que les donn\u00e9es ne seront plus trait\u00e9es jusqu&rsquo;\u00e0 ce que vous annuliez la restriction.<\/p>\n<h3>Droit \u00e0 la portabilit\u00e9<\/h3>\n<p>Vous avez toujours le droit de faire traiter par un tiers les donn\u00e9es que nous traitons ou faisons traiter et qui se rapportent \u00e0 votre personne ou qui peuvent \u00eatre retrac\u00e9es jusqu&rsquo;\u00e0 vous. Vous pouvez en faire la demande aupr\u00e8s de notre personne de contact pour les questions de confidentialit\u00e9. Vous recevrez alors une r\u00e9ponse \u00e0 votre demande dans un d\u00e9lai de 30 jours. Si votre demande est accord\u00e9e, nous vous enverrons des copies ou des copies de toutes les donn\u00e9es vous concernant que nous avons trait\u00e9es ou qui ont \u00e9t\u00e9 trait\u00e9es en notre nom par d&rsquo;autres sous-traitants ou des tiers \u00e0 l&rsquo;adresse e-mail que nous connaissons. Il est fort probable que nous ne puissions plus continuer \u00e0 fournir le service dans un tel cas, car la liaison s\u00e9curis\u00e9e des fichiers de donn\u00e9es ne peut plus \u00eatre garantie.<\/p>\n<h3>Droit d\u2019opposition et autres droits<\/h3>\n<p>Le cas \u00e9ch\u00e9ant, vous disposez du droit de vous opposer au traitement de vos donn\u00e9es personnelles par ou pour le compte de Vinistoires. Si vous vous y opposez, nous arr\u00eaterons imm\u00e9diatement le traitement des donn\u00e9es en attendant le traitement de votre objection. Si votre objection est fond\u00e9e, nous mettrons \u00e0 votre disposition des copies et\/ou des copies des donn\u00e9es que nous traitons ou avons trait\u00e9es, puis interromprons d\u00e9finitivement le traitement. Vous avez \u00e9galement le droit de ne pas \u00eatre soumis \u00e0 une prise de d\u00e9cision individuelle automatis\u00e9e ou \u00e0 un profilage. Nous ne traitons pas vos donn\u00e9es de mani\u00e8re \u00e0 ce que ce droit s&rsquo;applique. Si vous pensez que tel est le cas, veuillez contacter notre personne de contact pour les questions de confidentialit\u00e9.<\/p>\n<h2>Cookies<\/h2>\n<h3>Google Analytics<\/h3>\n<p>Des cookies de la soci\u00e9t\u00e9 am\u00e9ricaine Google sont plac\u00e9s via notre site Internet dans le cadre du service \u00ab Analytics \u00bb. Nous utilisons ce service pour suivre et recevoir des rapports sur la fa\u00e7on dont les visiteurs utilisent le site Web. Ce sous-traitant peut \u00eatre oblig\u00e9 de donner acc\u00e8s \u00e0 ces donn\u00e9es sur la base des lois et r\u00e9glementations applicables. Nous collectons des informations sur votre comportement de navigation et partageons ces donn\u00e9es avec Google. Google peut interpr\u00e9ter ces informations en combinaison avec d&rsquo;autres ensembles de donn\u00e9es et ainsi suivre vos mouvements sur Internet. Google utilise ces informations pour proposer des publicit\u00e9s cibl\u00e9es (Adwords) et d&rsquo;autres services et produits Google.<\/p>\n<h3>Cookies tiers<\/h3>\n<p>Dans le cas o\u00f9 des solutions logicielles tierces utilisent des cookies, cela est indiqu\u00e9 dans cette d\u00e9claration de confidentialit\u00e9.<\/p>\n<h2>Modifications de la politique de confidentialit\u00e9<\/h2>\n<p>Nous nous r\u00e9servons le droit de modifier notre politique de confidentialit\u00e9 \u00e0 tout moment. Cependant, vous trouverez toujours la derni\u00e8re version sur cette page. Si la nouvelle politique de confidentialit\u00e9 a des cons\u00e9quences sur la mani\u00e8re dont nous traitons les donn\u00e9es d\u00e9j\u00e0 collect\u00e9es vous concernant, nous vous en informerons par e-mail.<\/p>\n<h2>D\u00e9tails du contact<\/h2>\n<h4>Vinistoires<\/h4>\n<p>Stationsstraat 27 bus 4019700 OudenaardeBelgique <strong>T<\/strong> (047) 747-6826 <strong>E<\/strong> dirk@vinistoires.com<\/p>\n<h3>Personne de contact pour les questions de confidentialit\u00e9<\/h3>\n<p>Dirk De Moor<\/p>\n","protected":false},"excerpt":{"rendered":"<p>Politique de confidentialit\u00e9 Vinistoires https:\/\/vinistoires.com\/ \u00c0 propos de notre politique de confidentialit\u00e9 Vinistoires se soucie beaucoup de votre vie priv\u00e9e. Nous ne traitons donc que les donn\u00e9es dont nous avons besoin pour (am\u00e9liorer) notre service et nous traitons avec soin les informations que nous avons collect\u00e9es sur vous et votre utilisation de nos services. Nous &#8230; <a title=\"Politique de confidentialit\u00e9\" class=\"read-more\" href=\"https:\/\/vinistoires.com\/fr\/politique-de-confidentialite\/\" aria-label=\"En savoir plus sur Politique de confidentialit\u00e9\">Lire la suite<\/a><\/p>\n","protected":false},"author":1,"featured_media":0,"parent":0,"menu_order":0,"comment_status":"closed","ping_status":"open","template":"","meta":{"footnotes":""},"pakket-type":[],"class_list":["post-1937","page","type-page","status-publish"],"_links":{"self":[{"href":"https:\/\/vinistoires.com\/fr\/wp-json\/wp\/v2\/pages\/1937","targetHints":{"allow":["GET"]}}],"collection":[{"href":"https:\/\/vinistoires.com\/fr\/wp-json\/wp\/v2\/pages"}],"about":[{"href":"https:\/\/vinistoires.com\/fr\/wp-json\/wp\/v2\/types\/page"}],"author":[{"embeddable":true,"href":"https:\/\/vinistoires.com\/fr\/wp-json\/wp\/v2\/users\/1"}],"replies":[{"embeddable":true,"href":"https:\/\/vinistoires.com\/fr\/wp-json\/wp\/v2\/comments?post=1937"}],"version-history":[{"count":3,"href":"https:\/\/vinistoires.com\/fr\/wp-json\/wp\/v2\/pages\/1937\/revisions"}],"predecessor-version":[{"id":1940,"href":"https:\/\/vinistoires.com\/fr\/wp-json\/wp\/v2\/pages\/1937\/revisions\/1940"}],"wp:attachment":[{"href":"https:\/\/vinistoires.com\/fr\/wp-json\/wp\/v2\/media?parent=1937"}],"wp:term":[{"taxonomy":"pakket-type","embeddable":true,"href":"https:\/\/vinistoires.com\/fr\/wp-json\/wp\/v2\/pakket-type?post=1937"}],"curies":[{"name":"wp","href":"https:\/\/api.w.org\/{rel}","templated":true}]}}