{"id":1922,"date":"2022-08-08T15:52:38","date_gmt":"2022-08-08T13:52:38","guid":{"rendered":"https:\/\/vns.generationshop.dev\/recevez-lhistoire-du-vin\/"},"modified":"2023-12-22T19:47:12","modified_gmt":"2023-12-22T18:47:12","slug":"recevez-lhistoire-du-vin","status":"publish","type":"page","link":"https:\/\/vinistoires.com\/fr\/recevez-lhistoire-du-vin\/","title":{"rendered":"Recevez cette histoire du vin"},"content":{"rendered":"\n<div class=\"wp-block-toolset-blocks-container tb-container form-container\" data-toolset-blocks-container=\"e6707379e3ae47eba667d56b2dca87de\"><div class=\"tb-fields-and-text\" data-toolset-blocks-fields-and-text=\"3e1d2592ce20bdf2bf813c9dfa44c991\">\n<h1 style=\"text-align: center;\">Recevez cette histoire du vin<\/h1>\n<\/div>\n\n\n\n<p class=\"has-text-align-center\">Voulez-vous lire ce que Louis Pasteur a signifi\u00e9 pour le vin ? <br\/>Alors, entrez votre adresse e-mail et inscrivez-vous \u00e0 la newsletter de Vinistoires. <br\/>L\u2019histoire arrivera ainsi directement dans votre bo\u00eete de r\u00e9ception num\u00e9rique ! <\/p>\n\n\n\n<div class=\"wp-block-toolset-blocks-container tb-container\" data-toolset-blocks-container=\"ed3832aa6201cbec5b1e5b902dc067e2\">\n<div class=\"wp-block-contact-form-7-contact-form-selector\">\n<div class=\"wpcf7 no-js\" id=\"wpcf7-f1921-o1\" lang=\"fr-FR\" dir=\"ltr\" data-wpcf7-id=\"1921\">\n<div class=\"screen-reader-response\"><p role=\"status\" aria-live=\"polite\" aria-atomic=\"true\"><\/p> <ul><\/ul><\/div>\n<form action=\"\/fr\/wp-json\/wp\/v2\/pages\/1922#wpcf7-f1921-o1\" method=\"post\" class=\"wpcf7-form init\" aria-label=\"Formulaire de contact\" novalidate=\"novalidate\" data-status=\"init\">\n<fieldset class=\"hidden-fields-container\"><input type=\"hidden\" name=\"_wpcf7\" value=\"1921\" \/><input type=\"hidden\" name=\"_wpcf7_version\" value=\"6.1.5\" \/><input type=\"hidden\" name=\"_wpcf7_locale\" value=\"fr_FR\" \/><input type=\"hidden\" name=\"_wpcf7_unit_tag\" value=\"wpcf7-f1921-o1\" \/><input type=\"hidden\" name=\"_wpcf7_container_post\" value=\"0\" \/><input type=\"hidden\" name=\"_wpcf7_posted_data_hash\" value=\"\" \/><input type=\"hidden\" name=\"_wpcf7_recaptcha_response\" value=\"\" \/>\n<\/fieldset>\n<p><label> Adresse e-mail<br \/>\n<span class=\"wpcf7-form-control-wrap\" data-name=\"email\"><input size=\"40\" maxlength=\"400\" class=\"wpcf7-form-control wpcf7-email wpcf7-validates-as-required wpcf7-text wpcf7-validates-as-email\" aria-required=\"true\" aria-invalid=\"false\" value=\"\" type=\"email\" name=\"email\" \/><\/span> <\/label>\n<\/p>\n<p><label> Pr\u00e9nom<br \/>\n<span class=\"wpcf7-form-control-wrap\" data-name=\"first-name\"><input size=\"40\" maxlength=\"400\" class=\"wpcf7-form-control wpcf7-text wpcf7-validates-as-required\" aria-required=\"true\" aria-invalid=\"false\" value=\"\" type=\"text\" name=\"first-name\" \/><\/span> <\/label>\n<\/p>\n<p><label> Nom de famille<br \/>\n<span class=\"wpcf7-form-control-wrap\" data-name=\"last-name\"><input size=\"40\" maxlength=\"400\" class=\"wpcf7-form-control wpcf7-text wpcf7-validates-as-required\" aria-required=\"true\" aria-invalid=\"false\" value=\"\" type=\"text\" name=\"last-name\" \/><\/span> <\/label>\n<\/p>\n<p><span class=\"wpcf7-form-control-wrap\" data-name=\"acceptance-472\"><span class=\"wpcf7-form-control wpcf7-acceptance\"><span class=\"wpcf7-list-item\"><label><input type=\"checkbox\" name=\"acceptance-472\" value=\"1\" aria-invalid=\"false\" \/><span class=\"wpcf7-list-item-label\">J'accepte la <a href=\"\/privacy-policy\">politique de confidentialit\u00e9<\/a>.<\/span><\/label><\/span><\/span><\/span>\n<\/p>\n<p>[cleverreach cleverreach-sign-up \"Oui, je souhaite recevoir cette histoire du vin et d'autres communications de Vinistoires.\"]\n<\/p>\n<p><input class=\"wpcf7-form-control wpcf7-submit has-spinner\" type=\"submit\" value=\"Verzenden\" \/>\n<\/p><div class=\"wpcf7-response-output\" aria-hidden=\"true\"><\/div>\n<\/form>\n<\/div>\n<\/div>\n<\/div>\n<\/div>\n","protected":false},"excerpt":{"rendered":"","protected":false},"author":1,"featured_media":0,"parent":0,"menu_order":0,"comment_status":"closed","ping_status":"closed","template":"","meta":{"footnotes":""},"pakket-type":[],"class_list":["post-1922","page","type-page","status-publish"],"_links":{"self":[{"href":"https:\/\/vinistoires.com\/fr\/wp-json\/wp\/v2\/pages\/1922","targetHints":{"allow":["GET"]}}],"collection":[{"href":"https:\/\/vinistoires.com\/fr\/wp-json\/wp\/v2\/pages"}],"about":[{"href":"https:\/\/vinistoires.com\/fr\/wp-json\/wp\/v2\/types\/page"}],"author":[{"embeddable":true,"href":"https:\/\/vinistoires.com\/fr\/wp-json\/wp\/v2\/users\/1"}],"replies":[{"embeddable":true,"href":"https:\/\/vinistoires.com\/fr\/wp-json\/wp\/v2\/comments?post=1922"}],"version-history":[{"count":10,"href":"https:\/\/vinistoires.com\/fr\/wp-json\/wp\/v2\/pages\/1922\/revisions"}],"predecessor-version":[{"id":1991,"href":"https:\/\/vinistoires.com\/fr\/wp-json\/wp\/v2\/pages\/1922\/revisions\/1991"}],"wp:attachment":[{"href":"https:\/\/vinistoires.com\/fr\/wp-json\/wp\/v2\/media?parent=1922"}],"wp:term":[{"taxonomy":"pakket-type","embeddable":true,"href":"https:\/\/vinistoires.com\/fr\/wp-json\/wp\/v2\/pakket-type?post=1922"}],"curies":[{"name":"wp","href":"https:\/\/api.w.org\/{rel}","templated":true}]}}